{"id":68,"date":"2019-01-08T22:50:37","date_gmt":"2019-01-08T21:50:37","guid":{"rendered":"https:\/\/smedsbobygg.se\/?page_id=68"},"modified":"2019-01-10T01:57:14","modified_gmt":"2019-01-10T00:57:14","slug":"bygg","status":"publish","type":"page","link":"https:\/\/smedsbobygg.se\/?page_id=68","title":{"rendered":"Bygg"},"content":{"rendered":"\n<h3 class=\"wp-block-heading\">BADRUM<\/h3>\n\n\n\n<p>Vi hj\u00e4lper dig med hela din badrumsrenovering, fr\u00e5n ide till f\u00e4rdigst\u00e4llande.<\/p>\n\n\n\n<h3 class=\"wp-block-heading\">RENOVERING \/ LOKALANPASSNING<\/h3>\n\n\n\n<p>Fr\u00e5n rivning till f\u00e4rdigt resultat. Vi tillhandah\u00e5ller samtliga yrkesgrupper och h\u00e5ller h\u00f6g kvalitet. Vi renoverar \u00e5t b\u00e5de f\u00f6retag &amp; privatpersoner<\/p>\n\n\n\n<h3 class=\"wp-block-heading\">M\u00c5LNING &amp; FASAD<\/h3>\n\n\n\n<p>Vi utf\u00f6r fasadrenoveringar med putsning &amp; m\u00e5lning samt m\u00e5leriarbeten inomhus.<\/p>\n\n\n\n<h2 class=\"wp-block-heading\">Altan\/Pool<\/h2>\n\n\n\n<p>Vi bygger allt fr\u00e5n sm\u00e5 altaner till stora tr\u00e4d\u00e4ck med pool eller jacuzzi.<\/p>\n\n\n\n<h2 class=\"wp-block-heading\">Markskruv<\/h2>\n\n\n\n<p>Vi kan erbjuda markskruv genom en samarbetspartner. Markskruven ger en stabil och smart f\u00f6rankring f\u00f6r m\u00e5nga olika \u00e4ndam\u00e5l.<\/p>\n\n\n\n<h3 class=\"wp-block-heading\">BYGGMATERIAL<\/h3>\n\n\n\n<p>K\u00f6p ditt byggmaterial till f\u00f6rdelaktiga priser. Vi kan erbjuda det mesta till din byggnation, allt fr\u00e5n blandare &amp; golv till skruv och isolering.<\/p>\n\n\n\n<p> <br>Smedsbo bygg &amp; Entreprenad har genom \u00e5ren skaffat sig en m\u00e4ngd samarbetspartners, b\u00e5de sm\u00e5 och stora f\u00f6retag. Det g\u00f6r att vi kan leva upp till kundernas f\u00f6rv\u00e4ntningar och anlita de resurser som beh\u00f6vs f\u00f6r att genomf\u00f6ra projektet p\u00e5 ett s\u00e5 bra s\u00e4tt som m\u00f6jligt. <\/p>\n\n\n\n<p>Kontakta oss f\u00f6r en offert p\u00e5 ditt projekt.<\/p>\n","protected":false},"excerpt":{"rendered":"<p>BADRUM Vi hj\u00e4lper dig med hela din badrumsrenovering, fr\u00e5n ide till f\u00e4rdigst\u00e4llande. RENOVERING \/ LOKALANPASSNING Fr\u00e5n rivning till f\u00e4rdigt resultat.&hellip;<\/p>\n","protected":false},"author":3,"featured_media":0,"parent":0,"menu_order":0,"comment_status":"closed","ping_status":"closed","template":"","meta":{"jetpack_post_was_ever_published":false,"footnotes":""},"jetpack_sharing_enabled":true,"jetpack_shortlink":"https:\/\/wp.me\/PaBasy-16","jetpack-related-posts":[],"_links":{"self":[{"href":"https:\/\/smedsbobygg.se\/index.php?rest_route=\/wp\/v2\/pages\/68"}],"collection":[{"href":"https:\/\/smedsbobygg.se\/index.php?rest_route=\/wp\/v2\/pages"}],"about":[{"href":"https:\/\/smedsbobygg.se\/index.php?rest_route=\/wp\/v2\/types\/page"}],"author":[{"embeddable":true,"href":"https:\/\/smedsbobygg.se\/index.php?rest_route=\/wp\/v2\/users\/3"}],"replies":[{"embeddable":true,"href":"https:\/\/smedsbobygg.se\/index.php?rest_route=%2Fwp%2Fv2%2Fcomments&post=68"}],"version-history":[{"count":7,"href":"https:\/\/smedsbobygg.se\/index.php?rest_route=\/wp\/v2\/pages\/68\/revisions"}],"predecessor-version":[{"id":182,"href":"https:\/\/smedsbobygg.se\/index.php?rest_route=\/wp\/v2\/pages\/68\/revisions\/182"}],"wp:attachment":[{"href":"https:\/\/smedsbobygg.se\/index.php?rest_route=%2Fwp%2Fv2%2Fmedia&parent=68"}],"curies":[{"name":"wp","href":"https:\/\/api.w.org\/{rel}","templated":true}]}}