{"id":67,"date":"2019-01-08T22:50:37","date_gmt":"2019-01-08T21:50:37","guid":{"rendered":"https:\/\/smedsbobygg.se\/?page_id=67"},"modified":"2019-01-10T00:09:17","modified_gmt":"2019-01-09T23:09:17","slug":"vagunderhall","status":"publish","type":"page","link":"https:\/\/smedsbobygg.se\/?page_id=67","title":{"rendered":"V\u00e4gunderh\u00e5ll"},"content":{"rendered":"\n<h4 class=\"wp-block-heading\">Vinterunderh\u00e5ll<\/h4>\n\n\n\n<p>Vi har\u00a0resurser f\u00f6r sn\u00f6r\u00f6jning och halkbek\u00e4mpning.\u00a0F\u00f6r de kunder som vi har avtal med att sk\u00f6ta vinterv\u00e4gh\u00e5llningen \u00e5t har vi jour och bevakar v\u00e4dret\u00a0f\u00f6r att veta n\u00e4r det \u00e4r dags att ploga, sanda, salta eller k\u00f6ra bort sn\u00f6massorna.\u00a0<br> <\/p>\n\n\n\n<figure class=\"wp-block-image\"><img loading=\"lazy\" decoding=\"async\" width=\"275\" height=\"183\" data-attachment-id=\"71\" data-permalink=\"https:\/\/smedsbobygg.se\/?attachment_id=71\" data-orig-file=\"https:\/\/i0.wp.com\/smedsbobygg.se\/wp-content\/uploads\/2019\/01\/terex-sn\u00f6.jpg?fit=275%2C183&amp;ssl=1\" data-orig-size=\"275,183\" data-comments-opened=\"1\" data-image-meta=\"{&quot;aperture&quot;:&quot;0&quot;,&quot;credit&quot;:&quot;&quot;,&quot;camera&quot;:&quot;&quot;,&quot;caption&quot;:&quot;&quot;,&quot;created_timestamp&quot;:&quot;0&quot;,&quot;copyright&quot;:&quot;&quot;,&quot;focal_length&quot;:&quot;0&quot;,&quot;iso&quot;:&quot;0&quot;,&quot;shutter_speed&quot;:&quot;0&quot;,&quot;title&quot;:&quot;&quot;,&quot;orientation&quot;:&quot;0&quot;}\" data-image-title=\"terex sn\u00f6\" data-image-description=\"\" data-image-caption=\"\" data-medium-file=\"https:\/\/i0.wp.com\/smedsbobygg.se\/wp-content\/uploads\/2019\/01\/terex-sn\u00f6.jpg?fit=275%2C183&amp;ssl=1\" data-large-file=\"https:\/\/i0.wp.com\/smedsbobygg.se\/wp-content\/uploads\/2019\/01\/terex-sn\u00f6.jpg?fit=275%2C183&amp;ssl=1\" src=\"https:\/\/i0.wp.com\/smedsbobygg.se\/wp-content\/uploads\/2019\/01\/terex-sn\u00f6.jpg?resize=275%2C183&#038;ssl=1\" alt=\"\" class=\"wp-image-71\" data-recalc-dims=\"1\"\/><\/figure>\n\n\n\n<h3 class=\"wp-block-heading\">Sommarunderh\u00e5ll<\/h3>\n\n\n\n<p><strong>Sandsopning<\/strong><br>F\u00f6r att ta hand om vinterns halkbek\u00e4mpningsmaterial har vi sopmaskiner som g\u00f6r rent och fint efter vintern. <\/p>\n\n\n\n<figure class=\"wp-block-image is-resized\"><img loading=\"lazy\" decoding=\"async\" data-attachment-id=\"118\" data-permalink=\"https:\/\/smedsbobygg.se\/?attachment_id=118\" data-orig-file=\"https:\/\/i0.wp.com\/smedsbobygg.se\/wp-content\/uploads\/2019\/01\/SU_1920_1080_inomhus_sopar_skrap.jpg?fit=1920%2C1080&amp;ssl=1\" data-orig-size=\"1920,1080\" data-comments-opened=\"1\" data-image-meta=\"{&quot;aperture&quot;:&quot;0&quot;,&quot;credit&quot;:&quot;&quot;,&quot;camera&quot;:&quot;&quot;,&quot;caption&quot;:&quot;&quot;,&quot;created_timestamp&quot;:&quot;0&quot;,&quot;copyright&quot;:&quot;&quot;,&quot;focal_length&quot;:&quot;0&quot;,&quot;iso&quot;:&quot;0&quot;,&quot;shutter_speed&quot;:&quot;0&quot;,&quot;title&quot;:&quot;&quot;,&quot;orientation&quot;:&quot;1&quot;}\" data-image-title=\"SU_1920_1080_inomhus_sopar_skrap\" data-image-description=\"\" data-image-caption=\"\" data-medium-file=\"https:\/\/i0.wp.com\/smedsbobygg.se\/wp-content\/uploads\/2019\/01\/SU_1920_1080_inomhus_sopar_skrap.jpg?fit=300%2C169&amp;ssl=1\" data-large-file=\"https:\/\/i0.wp.com\/smedsbobygg.se\/wp-content\/uploads\/2019\/01\/SU_1920_1080_inomhus_sopar_skrap.jpg?fit=1024%2C576&amp;ssl=1\" src=\"https:\/\/i0.wp.com\/smedsbobygg.se\/wp-content\/uploads\/2019\/01\/SU_1920_1080_inomhus_sopar_skrap.jpg?fit=1024%2C576&amp;ssl=1\" alt=\"\" class=\"wp-image-118\" width=\"302\" height=\"170\" srcset=\"https:\/\/i0.wp.com\/smedsbobygg.se\/wp-content\/uploads\/2019\/01\/SU_1920_1080_inomhus_sopar_skrap.jpg?w=1920&amp;ssl=1 1920w, https:\/\/i0.wp.com\/smedsbobygg.se\/wp-content\/uploads\/2019\/01\/SU_1920_1080_inomhus_sopar_skrap.jpg?resize=300%2C169&amp;ssl=1 300w, https:\/\/i0.wp.com\/smedsbobygg.se\/wp-content\/uploads\/2019\/01\/SU_1920_1080_inomhus_sopar_skrap.jpg?resize=768%2C432&amp;ssl=1 768w, https:\/\/i0.wp.com\/smedsbobygg.se\/wp-content\/uploads\/2019\/01\/SU_1920_1080_inomhus_sopar_skrap.jpg?resize=1024%2C576&amp;ssl=1 1024w, https:\/\/i0.wp.com\/smedsbobygg.se\/wp-content\/uploads\/2019\/01\/SU_1920_1080_inomhus_sopar_skrap.jpg?resize=540%2C304&amp;ssl=1 540w, https:\/\/i0.wp.com\/smedsbobygg.se\/wp-content\/uploads\/2019\/01\/SU_1920_1080_inomhus_sopar_skrap.jpg?resize=1140%2C641&amp;ssl=1 1140w\" sizes=\"(max-width: 302px) 100vw, 302px\" \/><\/figure>\n\n\n\n<p><strong>Hyvling\/Sladdning<br><\/strong> Vi har utrustningen f\u00f6r justering av v\u00e4gar, parkeringsplatser, grusplaner m.m<br><\/p>\n\n\n\n<figure class=\"wp-block-image is-resized\"><img loading=\"lazy\" decoding=\"async\" data-attachment-id=\"121\" data-permalink=\"https:\/\/smedsbobygg.se\/?attachment_id=121\" data-orig-file=\"https:\/\/i0.wp.com\/smedsbobygg.se\/wp-content\/uploads\/2019\/01\/IMG_2437.jpg?fit=747%2C746&amp;ssl=1\" data-orig-size=\"747,746\" data-comments-opened=\"1\" data-image-meta=\"{&quot;aperture&quot;:&quot;0&quot;,&quot;credit&quot;:&quot;&quot;,&quot;camera&quot;:&quot;&quot;,&quot;caption&quot;:&quot;&quot;,&quot;created_timestamp&quot;:&quot;0&quot;,&quot;copyright&quot;:&quot;&quot;,&quot;focal_length&quot;:&quot;0&quot;,&quot;iso&quot;:&quot;0&quot;,&quot;shutter_speed&quot;:&quot;0&quot;,&quot;title&quot;:&quot;&quot;,&quot;orientation&quot;:&quot;0&quot;}\" data-image-title=\"IMG_2437\" data-image-description=\"\" data-image-caption=\"\" data-medium-file=\"https:\/\/i0.wp.com\/smedsbobygg.se\/wp-content\/uploads\/2019\/01\/IMG_2437.jpg?fit=300%2C300&amp;ssl=1\" data-large-file=\"https:\/\/i0.wp.com\/smedsbobygg.se\/wp-content\/uploads\/2019\/01\/IMG_2437.jpg?fit=747%2C746&amp;ssl=1\" src=\"https:\/\/i0.wp.com\/smedsbobygg.se\/wp-content\/uploads\/2019\/01\/IMG_2437.jpg?resize=247%2C247&#038;ssl=1\" alt=\"\" class=\"wp-image-121\" width=\"247\" height=\"247\" srcset=\"https:\/\/i0.wp.com\/smedsbobygg.se\/wp-content\/uploads\/2019\/01\/IMG_2437.jpg?w=747&amp;ssl=1 747w, https:\/\/i0.wp.com\/smedsbobygg.se\/wp-content\/uploads\/2019\/01\/IMG_2437.jpg?resize=150%2C150&amp;ssl=1 150w, https:\/\/i0.wp.com\/smedsbobygg.se\/wp-content\/uploads\/2019\/01\/IMG_2437.jpg?resize=300%2C300&amp;ssl=1 300w\" sizes=\"(max-width: 247px) 100vw, 247px\" data-recalc-dims=\"1\" \/><\/figure>\n\n\n\n<p><strong>Dammbindning\u00a0av\u00a0grus ytor<\/strong><br>Ett av problemen med grusv\u00e4garna \u00e4r att de dammar vid torr v\u00e4derlek. F\u00f6r att motverka detta genomf\u00f6rs en \u00e5tg\u00e4rd f\u00f6r att minska dammet som kallas dammbindning.\u00a0 Vi utf\u00f6r dammbindningen p\u00e5 v\u00e5ren n\u00e4r tj\u00e4len har g\u00e5tt ur jorden men innan v\u00e4gbanan blivit allt f\u00f6r torr. Anledningen \u00e4r att de bindemedel som anv\u00e4nds kr\u00e4ver en del fukt.\u00a0\u00a0\u00a0\u00a0<br><a href=\"http:\/\/www.trafikverket.se\/Privat\/Vagar-och-jarnvagar\/Sa-skoter-vi-vagar1\/Fragor-och-svar-om-skotsel-av-vag\/Var-grusvag-dammar---vad-galler-\/Dammbindning-av-grusvagar\/\">http:\/\/www.trafikverket.se\/Privat\/Vagar-och-jarnvagar\/Sa-skoter-vi-vagar1\/Fragor-och-svar-om-skotsel-av-vag\/Var-grusvag-dammar&#8212;vad-galler-\/Dammbindning-av-grusvagar\/<\/a><\/p>\n\n\n\n<figure class=\"wp-block-image is-resized\"><img loading=\"lazy\" decoding=\"async\" data-attachment-id=\"122\" data-permalink=\"https:\/\/smedsbobygg.se\/?attachment_id=122\" data-orig-file=\"https:\/\/i0.wp.com\/smedsbobygg.se\/wp-content\/uploads\/2019\/01\/20160705_122637_577ec3a1e087c31d8f1ff3be.jpg?fit=500%2C281&amp;ssl=1\" data-orig-size=\"500,281\" data-comments-opened=\"1\" data-image-meta=\"{&quot;aperture&quot;:&quot;0&quot;,&quot;credit&quot;:&quot;&quot;,&quot;camera&quot;:&quot;&quot;,&quot;caption&quot;:&quot;&quot;,&quot;created_timestamp&quot;:&quot;0&quot;,&quot;copyright&quot;:&quot;&quot;,&quot;focal_length&quot;:&quot;0&quot;,&quot;iso&quot;:&quot;0&quot;,&quot;shutter_speed&quot;:&quot;0&quot;,&quot;title&quot;:&quot;&quot;,&quot;orientation&quot;:&quot;0&quot;}\" data-image-title=\"20160705_122637_577ec3a1e087c31d8f1ff3be\" data-image-description=\"\" data-image-caption=\"\" data-medium-file=\"https:\/\/i0.wp.com\/smedsbobygg.se\/wp-content\/uploads\/2019\/01\/20160705_122637_577ec3a1e087c31d8f1ff3be.jpg?fit=300%2C169&amp;ssl=1\" data-large-file=\"https:\/\/i0.wp.com\/smedsbobygg.se\/wp-content\/uploads\/2019\/01\/20160705_122637_577ec3a1e087c31d8f1ff3be.jpg?fit=500%2C281&amp;ssl=1\" src=\"https:\/\/i0.wp.com\/smedsbobygg.se\/wp-content\/uploads\/2019\/01\/20160705_122637_577ec3a1e087c31d8f1ff3be.jpg?resize=323%2C182&#038;ssl=1\" alt=\"\" class=\"wp-image-122\" width=\"323\" height=\"182\" srcset=\"https:\/\/i0.wp.com\/smedsbobygg.se\/wp-content\/uploads\/2019\/01\/20160705_122637_577ec3a1e087c31d8f1ff3be.jpg?w=500&amp;ssl=1 500w, https:\/\/i0.wp.com\/smedsbobygg.se\/wp-content\/uploads\/2019\/01\/20160705_122637_577ec3a1e087c31d8f1ff3be.jpg?resize=300%2C169&amp;ssl=1 300w\" sizes=\"(max-width: 323px) 100vw, 323px\" data-recalc-dims=\"1\" \/><\/figure>\n\n\n\n<p><strong>Kantsl\u00e5tter<\/strong><br>F\u00f6r att h\u00e5lla sikten klar har vi maskiner som kan utf\u00f6ra kantsl\u00e5tter l\u00e4ngs era v\u00e4gar. <\/p>\n\n\n\n<figure class=\"wp-block-image is-resized\"><img loading=\"lazy\" decoding=\"async\" data-attachment-id=\"123\" data-permalink=\"https:\/\/smedsbobygg.se\/?attachment_id=123\" data-orig-file=\"https:\/\/i0.wp.com\/smedsbobygg.se\/wp-content\/uploads\/2019\/01\/vagslatter.jpg?fit=862%2C540&amp;ssl=1\" data-orig-size=\"862,540\" data-comments-opened=\"1\" data-image-meta=\"{&quot;aperture&quot;:&quot;0&quot;,&quot;credit&quot;:&quot;&quot;,&quot;camera&quot;:&quot;&quot;,&quot;caption&quot;:&quot;&quot;,&quot;created_timestamp&quot;:&quot;0&quot;,&quot;copyright&quot;:&quot;&quot;,&quot;focal_length&quot;:&quot;0&quot;,&quot;iso&quot;:&quot;0&quot;,&quot;shutter_speed&quot;:&quot;0&quot;,&quot;title&quot;:&quot;&quot;,&quot;orientation&quot;:&quot;1&quot;}\" data-image-title=\"vagslatter\" data-image-description=\"\" data-image-caption=\"\" data-medium-file=\"https:\/\/i0.wp.com\/smedsbobygg.se\/wp-content\/uploads\/2019\/01\/vagslatter.jpg?fit=300%2C188&amp;ssl=1\" data-large-file=\"https:\/\/i0.wp.com\/smedsbobygg.se\/wp-content\/uploads\/2019\/01\/vagslatter.jpg?fit=862%2C540&amp;ssl=1\" src=\"https:\/\/i0.wp.com\/smedsbobygg.se\/wp-content\/uploads\/2019\/01\/vagslatter.jpg?resize=326%2C204&#038;ssl=1\" alt=\"\" class=\"wp-image-123\" width=\"326\" height=\"204\" srcset=\"https:\/\/i0.wp.com\/smedsbobygg.se\/wp-content\/uploads\/2019\/01\/vagslatter.jpg?w=862&amp;ssl=1 862w, https:\/\/i0.wp.com\/smedsbobygg.se\/wp-content\/uploads\/2019\/01\/vagslatter.jpg?resize=300%2C188&amp;ssl=1 300w, https:\/\/i0.wp.com\/smedsbobygg.se\/wp-content\/uploads\/2019\/01\/vagslatter.jpg?resize=768%2C481&amp;ssl=1 768w\" sizes=\"(max-width: 326px) 100vw, 326px\" data-recalc-dims=\"1\" \/><\/figure>\n\n\n\n<p><strong>Dikning<\/strong><br>P\u00e5 sikt\u00a0v\u00e4xer diket igen\u00a0genom att material som rasat fr\u00e5n kanterna eller f\u00f6rts med vattnet, sedimenterar\/samlas p\u00e5 botten.\u00a0V\u00e4xter kommer att v\u00e4xa in i diket, d\u00e5 minskar vattenf\u00f6ringen och dikets avvattnande funktion f\u00f6rs\u00e4mras successivt vilket inneb\u00e4r att vattnet stannar kvar p\u00e5 k\u00f6rbanan och bildar p\u00f6lar som i sin tur blir till stora h\u00e5ligheter. Det \u00e4r viktigt att diket rensas fr\u00e5n v\u00e4xtlighet och slam samt att v\u00e4gkanterna h\u00e5lls p\u00e5 en niv\u00e5 s\u00e5 att vatten kan ledas av v\u00e4gen ner i diket. <\/p>\n\n\n\n<figure class=\"wp-block-image is-resized\"><img loading=\"lazy\" decoding=\"async\" data-attachment-id=\"120\" data-permalink=\"https:\/\/smedsbobygg.se\/?attachment_id=120\" data-orig-file=\"https:\/\/i0.wp.com\/smedsbobygg.se\/wp-content\/uploads\/2019\/01\/IMG_0950-2.jpg?fit=3024%2C4032&amp;ssl=1\" data-orig-size=\"3024,4032\" data-comments-opened=\"1\" data-image-meta=\"{&quot;aperture&quot;:&quot;1.8&quot;,&quot;credit&quot;:&quot;&quot;,&quot;camera&quot;:&quot;iPhone 8&quot;,&quot;caption&quot;:&quot;&quot;,&quot;created_timestamp&quot;:&quot;1527768772&quot;,&quot;copyright&quot;:&quot;&quot;,&quot;focal_length&quot;:&quot;3.99&quot;,&quot;iso&quot;:&quot;20&quot;,&quot;shutter_speed&quot;:&quot;0.00093808630393996&quot;,&quot;title&quot;:&quot;&quot;,&quot;orientation&quot;:&quot;1&quot;}\" data-image-title=\"IMG_0950 (2)\" data-image-description=\"\" data-image-caption=\"\" data-medium-file=\"https:\/\/i0.wp.com\/smedsbobygg.se\/wp-content\/uploads\/2019\/01\/IMG_0950-2.jpg?fit=225%2C300&amp;ssl=1\" data-large-file=\"https:\/\/i0.wp.com\/smedsbobygg.se\/wp-content\/uploads\/2019\/01\/IMG_0950-2.jpg?fit=768%2C1024&amp;ssl=1\" src=\"https:\/\/i1.wp.com\/smedsbobygg.se\/wp-content\/uploads\/2019\/01\/IMG_0950-2.jpg?fit=768%2C1024&amp;ssl=1\" alt=\"\" class=\"wp-image-120\" width=\"253\" height=\"337\" srcset=\"https:\/\/i0.wp.com\/smedsbobygg.se\/wp-content\/uploads\/2019\/01\/IMG_0950-2.jpg?w=3024&amp;ssl=1 3024w, https:\/\/i0.wp.com\/smedsbobygg.se\/wp-content\/uploads\/2019\/01\/IMG_0950-2.jpg?resize=225%2C300&amp;ssl=1 225w, https:\/\/i0.wp.com\/smedsbobygg.se\/wp-content\/uploads\/2019\/01\/IMG_0950-2.jpg?resize=768%2C1024&amp;ssl=1 768w, https:\/\/i0.wp.com\/smedsbobygg.se\/wp-content\/uploads\/2019\/01\/IMG_0950-2.jpg?w=2280 2280w\" sizes=\"(max-width: 253px) 100vw, 253px\" \/><\/figure>\n\n\n\n<p><strong>Betesputsning<\/strong> L\u00e5t inte era \u00e5krar och betesmarker v\u00e4xa igen. Med betesputsen h\u00e5ller vi dom \u00f6ppna.<\/p>\n\n\n\n<figure class=\"wp-block-image is-resized\"><img loading=\"lazy\" decoding=\"async\" data-attachment-id=\"134\" data-permalink=\"https:\/\/smedsbobygg.se\/?attachment_id=134\" data-orig-file=\"https:\/\/i0.wp.com\/smedsbobygg.se\/wp-content\/uploads\/2019\/01\/KP-milj\u00f6.jpg?fit=992%2C744&amp;ssl=1\" data-orig-size=\"992,744\" data-comments-opened=\"1\" data-image-meta=\"{&quot;aperture&quot;:&quot;0&quot;,&quot;credit&quot;:&quot;&quot;,&quot;camera&quot;:&quot;&quot;,&quot;caption&quot;:&quot;&quot;,&quot;created_timestamp&quot;:&quot;0&quot;,&quot;copyright&quot;:&quot;&quot;,&quot;focal_length&quot;:&quot;0&quot;,&quot;iso&quot;:&quot;0&quot;,&quot;shutter_speed&quot;:&quot;0&quot;,&quot;title&quot;:&quot;&quot;,&quot;orientation&quot;:&quot;0&quot;}\" data-image-title=\"KP-milj\u00f6\" data-image-description=\"\" data-image-caption=\"\" data-medium-file=\"https:\/\/i0.wp.com\/smedsbobygg.se\/wp-content\/uploads\/2019\/01\/KP-milj\u00f6.jpg?fit=300%2C225&amp;ssl=1\" data-large-file=\"https:\/\/i0.wp.com\/smedsbobygg.se\/wp-content\/uploads\/2019\/01\/KP-milj\u00f6.jpg?fit=992%2C744&amp;ssl=1\" src=\"https:\/\/i0.wp.com\/smedsbobygg.se\/wp-content\/uploads\/2019\/01\/KP-milj\u00f6.jpg?resize=264%2C198&#038;ssl=1\" alt=\"\" class=\"wp-image-134\" width=\"264\" height=\"198\" srcset=\"https:\/\/i0.wp.com\/smedsbobygg.se\/wp-content\/uploads\/2019\/01\/KP-milj\u00f6.jpg?w=992&amp;ssl=1 992w, https:\/\/i0.wp.com\/smedsbobygg.se\/wp-content\/uploads\/2019\/01\/KP-milj\u00f6.jpg?resize=300%2C225&amp;ssl=1 300w, https:\/\/i0.wp.com\/smedsbobygg.se\/wp-content\/uploads\/2019\/01\/KP-milj\u00f6.jpg?resize=768%2C576&amp;ssl=1 768w, https:\/\/i0.wp.com\/smedsbobygg.se\/wp-content\/uploads\/2019\/01\/KP-milj\u00f6.jpg?resize=120%2C90&amp;ssl=1 120w\" sizes=\"(max-width: 264px) 100vw, 264px\" data-recalc-dims=\"1\" \/><\/figure>\n","protected":false},"excerpt":{"rendered":"<p>Vinterunderh\u00e5ll Vi har\u00a0resurser f\u00f6r sn\u00f6r\u00f6jning och halkbek\u00e4mpning.\u00a0F\u00f6r de kunder som vi har avtal med att sk\u00f6ta vinterv\u00e4gh\u00e5llningen \u00e5t har vi&hellip;<\/p>\n","protected":false},"author":3,"featured_media":0,"parent":0,"menu_order":0,"comment_status":"closed","ping_status":"closed","template":"","meta":{"jetpack_post_was_ever_published":false,"footnotes":""},"jetpack_sharing_enabled":true,"jetpack_shortlink":"https:\/\/wp.me\/PaBasy-15","jetpack-related-posts":[],"_links":{"self":[{"href":"https:\/\/smedsbobygg.se\/index.php?rest_route=\/wp\/v2\/pages\/67"}],"collection":[{"href":"https:\/\/smedsbobygg.se\/index.php?rest_route=\/wp\/v2\/pages"}],"about":[{"href":"https:\/\/smedsbobygg.se\/index.php?rest_route=\/wp\/v2\/types\/page"}],"author":[{"embeddable":true,"href":"https:\/\/smedsbobygg.se\/index.php?rest_route=\/wp\/v2\/users\/3"}],"replies":[{"embeddable":true,"href":"https:\/\/smedsbobygg.se\/index.php?rest_route=%2Fwp%2Fv2%2Fcomments&post=67"}],"version-history":[{"count":4,"href":"https:\/\/smedsbobygg.se\/index.php?rest_route=\/wp\/v2\/pages\/67\/revisions"}],"predecessor-version":[{"id":136,"href":"https:\/\/smedsbobygg.se\/index.php?rest_route=\/wp\/v2\/pages\/67\/revisions\/136"}],"wp:attachment":[{"href":"https:\/\/smedsbobygg.se\/index.php?rest_route=%2Fwp%2Fv2%2Fmedia&parent=67"}],"curies":[{"name":"wp","href":"https:\/\/api.w.org\/{rel}","templated":true}]}}