{"id":183,"date":"2019-01-10T02:00:46","date_gmt":"2019-01-10T01:00:46","guid":{"rendered":"https:\/\/smedsbobygg.se\/?page_id=183"},"modified":"2019-01-10T02:16:58","modified_gmt":"2019-01-10T01:16:58","slug":"markskruv","status":"publish","type":"page","link":"https:\/\/smedsbobygg.se\/?page_id=183","title":{"rendered":"Markskruv"},"content":{"rendered":"\n<h2 class=\"wp-block-heading\">Stabil och smart f\u00f6rankring f\u00f6r m\u00e5nga olika \u00e4ndam\u00e5l.<\/h2>\n\n\n\n<h4 class=\"wp-block-heading\">F\u00f6rdelar med markskruv<\/h4>\n\n\n\n<ul><li>Ingen gr\u00e4vning<\/li><li>Ingen Gjutning<\/li><li>Snabb montering<\/li><li>Stabilare \u00e4n betongplint<\/li><li>Ingen tj\u00e4lskjutning<\/li><li>Ingen \u00e5verkan p\u00e5 underlaget<\/li><li>Kan monteras \u00e5ret om<\/li><li>L\u00e5ng livsl\u00e4ngd<\/li><li>Monteras i r\u00e4tt h\u00f6jd<\/li><li>25 \u00e5rs garanti<\/li><\/ul>\n\n\n\n<p>Spara tid och pengar p\u00e5 ditt projekt. Vi monterar markskruv till allt som ska markf\u00f6rankras. Vi har grundmodeller i olika l\u00e4ngder och dimensioner som \u00e4r framtagna och testade f\u00f6r nordiska f\u00f6rh\u00e5llanden. Skruven monteras av v\u00e5ra certifierade mont\u00f6rer och fungerar i de flesta markf\u00f6rh\u00e5llanden. Skruven monteras i or\u00f6rd mark och skapar en stabil grund. <\/p>\n\n\n\n<p>Vi monterar till b\u00e5de privat och f\u00f6retagskunder<\/p>\n\n\n\n<p>Kontakta oss f\u00f6r en offert. <\/p>\n\n\n\n<figure class=\"wp-block-image is-resized\"><img loading=\"lazy\" decoding=\"async\" data-attachment-id=\"191\" data-permalink=\"https:\/\/smedsbobygg.se\/?attachment_id=191\" data-orig-file=\"https:\/\/i0.wp.com\/smedsbobygg.se\/wp-content\/uploads\/2019\/01\/logga-2000x642.png?fit=1932%2C642&amp;ssl=1\" data-orig-size=\"1932,642\" data-comments-opened=\"1\" data-image-meta=\"{&quot;aperture&quot;:&quot;0&quot;,&quot;credit&quot;:&quot;&quot;,&quot;camera&quot;:&quot;&quot;,&quot;caption&quot;:&quot;&quot;,&quot;created_timestamp&quot;:&quot;0&quot;,&quot;copyright&quot;:&quot;&quot;,&quot;focal_length&quot;:&quot;0&quot;,&quot;iso&quot;:&quot;0&quot;,&quot;shutter_speed&quot;:&quot;0&quot;,&quot;title&quot;:&quot;&quot;,&quot;orientation&quot;:&quot;0&quot;}\" data-image-title=\"logga-2000&#215;642\" data-image-description=\"\" data-image-caption=\"\" data-medium-file=\"https:\/\/i0.wp.com\/smedsbobygg.se\/wp-content\/uploads\/2019\/01\/logga-2000x642.png?fit=300%2C100&amp;ssl=1\" data-large-file=\"https:\/\/i0.wp.com\/smedsbobygg.se\/wp-content\/uploads\/2019\/01\/logga-2000x642.png?fit=1024%2C340&amp;ssl=1\" src=\"https:\/\/i2.wp.com\/smedsbobygg.se\/wp-content\/uploads\/2019\/01\/logga-2000x642.png?fit=1024%2C340&amp;ssl=1\" alt=\"\" class=\"wp-image-191\" width=\"198\" height=\"65\" srcset=\"https:\/\/i0.wp.com\/smedsbobygg.se\/wp-content\/uploads\/2019\/01\/logga-2000x642.png?w=1932&amp;ssl=1 1932w, https:\/\/i0.wp.com\/smedsbobygg.se\/wp-content\/uploads\/2019\/01\/logga-2000x642.png?resize=300%2C100&amp;ssl=1 300w, https:\/\/i0.wp.com\/smedsbobygg.se\/wp-content\/uploads\/2019\/01\/logga-2000x642.png?resize=768%2C255&amp;ssl=1 768w, https:\/\/i0.wp.com\/smedsbobygg.se\/wp-content\/uploads\/2019\/01\/logga-2000x642.png?resize=1024%2C340&amp;ssl=1 1024w\" sizes=\"(max-width: 198px) 100vw, 198px\" \/><\/figure>\n\n\n\n<figure class=\"wp-block-image is-resized\"><img loading=\"lazy\" decoding=\"async\" data-attachment-id=\"192\" data-permalink=\"https:\/\/smedsbobygg.se\/?attachment_id=192\" data-orig-file=\"https:\/\/i0.wp.com\/smedsbobygg.se\/wp-content\/uploads\/2019\/01\/skruvar-5modeller-hemsida-e1533295708601.png?fit=800%2C800&amp;ssl=1\" data-orig-size=\"800,800\" data-comments-opened=\"1\" data-image-meta=\"{&quot;aperture&quot;:&quot;0&quot;,&quot;credit&quot;:&quot;&quot;,&quot;camera&quot;:&quot;&quot;,&quot;caption&quot;:&quot;&quot;,&quot;created_timestamp&quot;:&quot;0&quot;,&quot;copyright&quot;:&quot;&quot;,&quot;focal_length&quot;:&quot;0&quot;,&quot;iso&quot;:&quot;0&quot;,&quot;shutter_speed&quot;:&quot;0&quot;,&quot;title&quot;:&quot;&quot;,&quot;orientation&quot;:&quot;0&quot;}\" data-image-title=\"skruvar-5modeller-hemsida-e1533295708601\" data-image-description=\"\" data-image-caption=\"\" data-medium-file=\"https:\/\/i0.wp.com\/smedsbobygg.se\/wp-content\/uploads\/2019\/01\/skruvar-5modeller-hemsida-e1533295708601.png?fit=300%2C300&amp;ssl=1\" data-large-file=\"https:\/\/i0.wp.com\/smedsbobygg.se\/wp-content\/uploads\/2019\/01\/skruvar-5modeller-hemsida-e1533295708601.png?fit=800%2C800&amp;ssl=1\" src=\"https:\/\/i0.wp.com\/smedsbobygg.se\/wp-content\/uploads\/2019\/01\/skruvar-5modeller-hemsida-e1533295708601.png?resize=205%2C205&#038;ssl=1\" alt=\"\" class=\"wp-image-192\" width=\"205\" height=\"205\" srcset=\"https:\/\/i0.wp.com\/smedsbobygg.se\/wp-content\/uploads\/2019\/01\/skruvar-5modeller-hemsida-e1533295708601.png?w=800&amp;ssl=1 800w, https:\/\/i0.wp.com\/smedsbobygg.se\/wp-content\/uploads\/2019\/01\/skruvar-5modeller-hemsida-e1533295708601.png?resize=150%2C150&amp;ssl=1 150w, https:\/\/i0.wp.com\/smedsbobygg.se\/wp-content\/uploads\/2019\/01\/skruvar-5modeller-hemsida-e1533295708601.png?resize=300%2C300&amp;ssl=1 300w, https:\/\/i0.wp.com\/smedsbobygg.se\/wp-content\/uploads\/2019\/01\/skruvar-5modeller-hemsida-e1533295708601.png?resize=768%2C768&amp;ssl=1 768w\" sizes=\"(max-width: 205px) 100vw, 205px\" data-recalc-dims=\"1\" \/><\/figure>\n","protected":false},"excerpt":{"rendered":"<p>Stabil och smart f\u00f6rankring f\u00f6r m\u00e5nga olika \u00e4ndam\u00e5l. F\u00f6rdelar med markskruv Ingen gr\u00e4vning Ingen Gjutning Snabb montering Stabilare \u00e4n betongplint&hellip;<\/p>\n","protected":false},"author":3,"featured_media":0,"parent":0,"menu_order":0,"comment_status":"closed","ping_status":"closed","template":"","meta":{"jetpack_post_was_ever_published":false,"footnotes":""},"jetpack_sharing_enabled":true,"jetpack_shortlink":"https:\/\/wp.me\/PaBasy-2X","jetpack-related-posts":[],"_links":{"self":[{"href":"https:\/\/smedsbobygg.se\/index.php?rest_route=\/wp\/v2\/pages\/183"}],"collection":[{"href":"https:\/\/smedsbobygg.se\/index.php?rest_route=\/wp\/v2\/pages"}],"about":[{"href":"https:\/\/smedsbobygg.se\/index.php?rest_route=\/wp\/v2\/types\/page"}],"author":[{"embeddable":true,"href":"https:\/\/smedsbobygg.se\/index.php?rest_route=\/wp\/v2\/users\/3"}],"replies":[{"embeddable":true,"href":"https:\/\/smedsbobygg.se\/index.php?rest_route=%2Fwp%2Fv2%2Fcomments&post=183"}],"version-history":[{"count":4,"href":"https:\/\/smedsbobygg.se\/index.php?rest_route=\/wp\/v2\/pages\/183\/revisions"}],"predecessor-version":[{"id":193,"href":"https:\/\/smedsbobygg.se\/index.php?rest_route=\/wp\/v2\/pages\/183\/revisions\/193"}],"wp:attachment":[{"href":"https:\/\/smedsbobygg.se\/index.php?rest_route=%2Fwp%2Fv2%2Fmedia&parent=183"}],"curies":[{"name":"wp","href":"https:\/\/api.w.org\/{rel}","templated":true}]}}