{"id":155,"date":"2019-01-10T01:32:38","date_gmt":"2019-01-10T00:32:38","guid":{"rendered":"https:\/\/smedsbobygg.se\/?page_id=155"},"modified":"2019-01-10T01:37:48","modified_gmt":"2019-01-10T00:37:48","slug":"enskiltavlopp","status":"publish","type":"page","link":"https:\/\/smedsbobygg.se\/?page_id=155","title":{"rendered":"Enskiltavlopp"},"content":{"rendered":"\n<p>P\u00e5 fastigheter som inte \u00e4r anslutna till det kommunala avloppsn\u00e4tet \u00e4r det fastighets\u00e4garens ansvar att sj\u00e4lv ordna med rening av vatten fr\u00e5n vattentoalett, bad, disk och tv\u00e4tt.<br><br>Om din fastighet inte \u00e4r ansluten till det kommunala avloppsn\u00e4tet \u00e4r det du som fastighets\u00e4gare som \u00e4r ansvarig f\u00f6r att se till s\u00e5 att ditt avloppsvatten fr\u00e5n vattentoalett, bad, disk och tv\u00e4tt blir renat. Detta kallas enskilt avlopp.<\/p>\n\n\n\n<h4 class=\"wp-block-heading\">\u00c4r din avloppsanl\u00e4ggning godk\u00e4nd?<\/h4>\n\n\n\n<p>Du som har egen en avloppsanl\u00e4ggning och undrar om den \u00e4r godk\u00e4nd kan v\u00e4nda dig till Milj\u00f6- och h\u00e4lsoskyddskontoret.<br>Innan du f\u00e5r anl\u00e4gga eller \u00e4ndra en avloppsanl\u00e4ggning ska den nya anl\u00e4ggningens l\u00e4mplighet bed\u00f6mas. Detta sker efter du varit i kontakt med milj\u00f6- och h\u00e4lsoskyddskontoret och n\u00e4r en skriftlig ans\u00f6kan eller anm\u00e4lan har skickats in.<br><\/p>\n\n\n\n<h4 class=\"wp-block-heading\">Vi hj\u00e4lper dig g\u00e4rna<\/h4>\n\n\n\n<p>Vi p\u00e5 Smedsbo bygg &amp; entreprenad \u00e4r certifierade entrepren\u00f6rer f\u00f6r infiltration och anl\u00e4ggning av enskilt avlopp s\u00e5 tveka inte att ta kontakt med oss om du vill ha hj\u00e4lp med ditt enskilda avlopp &amp; infiltrering.<\/p>\n\n\n\n<figure class=\"wp-block-image is-resized\"><img loading=\"lazy\" decoding=\"async\" data-attachment-id=\"151\" data-permalink=\"https:\/\/smedsbobygg.se\/?attachment_id=151\" data-orig-file=\"https:\/\/i0.wp.com\/smedsbobygg.se\/wp-content\/uploads\/2019\/01\/entr_dekal12-300x195.jpg?fit=300%2C195&amp;ssl=1\" data-orig-size=\"300,195\" data-comments-opened=\"1\" data-image-meta=\"{&quot;aperture&quot;:&quot;0&quot;,&quot;credit&quot;:&quot;&quot;,&quot;camera&quot;:&quot;&quot;,&quot;caption&quot;:&quot;&quot;,&quot;created_timestamp&quot;:&quot;0&quot;,&quot;copyright&quot;:&quot;&quot;,&quot;focal_length&quot;:&quot;0&quot;,&quot;iso&quot;:&quot;0&quot;,&quot;shutter_speed&quot;:&quot;0&quot;,&quot;title&quot;:&quot;&quot;,&quot;orientation&quot;:&quot;0&quot;}\" data-image-title=\"entr_dekal12-300&#215;195\" data-image-description=\"\" data-image-caption=\"\" data-medium-file=\"https:\/\/i0.wp.com\/smedsbobygg.se\/wp-content\/uploads\/2019\/01\/entr_dekal12-300x195.jpg?fit=300%2C195&amp;ssl=1\" data-large-file=\"https:\/\/i0.wp.com\/smedsbobygg.se\/wp-content\/uploads\/2019\/01\/entr_dekal12-300x195.jpg?fit=300%2C195&amp;ssl=1\" src=\"https:\/\/i0.wp.com\/smedsbobygg.se\/wp-content\/uploads\/2019\/01\/entr_dekal12-300x195.jpg?resize=309%2C201&#038;ssl=1\" alt=\"\" class=\"wp-image-151\" width=\"309\" height=\"201\" data-recalc-dims=\"1\" \/><\/figure>\n\n\n\n<figure class=\"wp-block-image is-resized\"><img loading=\"lazy\" decoding=\"async\" data-attachment-id=\"152\" data-permalink=\"https:\/\/smedsbobygg.se\/?attachment_id=152\" data-orig-file=\"https:\/\/i0.wp.com\/smedsbobygg.se\/wp-content\/uploads\/2019\/01\/ladda-ned.jpg?fit=162%2C177&amp;ssl=1\" data-orig-size=\"162,177\" data-comments-opened=\"1\" data-image-meta=\"{&quot;aperture&quot;:&quot;0&quot;,&quot;credit&quot;:&quot;&quot;,&quot;camera&quot;:&quot;&quot;,&quot;caption&quot;:&quot;&quot;,&quot;created_timestamp&quot;:&quot;0&quot;,&quot;copyright&quot;:&quot;&quot;,&quot;focal_length&quot;:&quot;0&quot;,&quot;iso&quot;:&quot;0&quot;,&quot;shutter_speed&quot;:&quot;0&quot;,&quot;title&quot;:&quot;&quot;,&quot;orientation&quot;:&quot;0&quot;}\" data-image-title=\"ladda ned\" data-image-description=\"\" data-image-caption=\"\" data-medium-file=\"https:\/\/i0.wp.com\/smedsbobygg.se\/wp-content\/uploads\/2019\/01\/ladda-ned.jpg?fit=162%2C177&amp;ssl=1\" data-large-file=\"https:\/\/i0.wp.com\/smedsbobygg.se\/wp-content\/uploads\/2019\/01\/ladda-ned.jpg?fit=162%2C177&amp;ssl=1\" src=\"https:\/\/i0.wp.com\/smedsbobygg.se\/wp-content\/uploads\/2019\/01\/ladda-ned.jpg?resize=175%2C191&#038;ssl=1\" alt=\"\" class=\"wp-image-152\" width=\"175\" height=\"191\" data-recalc-dims=\"1\" \/><\/figure>\n","protected":false},"excerpt":{"rendered":"<p>P\u00e5 fastigheter som inte \u00e4r anslutna till det kommunala avloppsn\u00e4tet \u00e4r det fastighets\u00e4garens ansvar att sj\u00e4lv ordna med rening av&hellip;<\/p>\n","protected":false},"author":3,"featured_media":0,"parent":0,"menu_order":0,"comment_status":"closed","ping_status":"closed","template":"","meta":{"jetpack_post_was_ever_published":false,"footnotes":""},"jetpack_sharing_enabled":true,"jetpack_shortlink":"https:\/\/wp.me\/PaBasy-2v","jetpack-related-posts":[],"_links":{"self":[{"href":"https:\/\/smedsbobygg.se\/index.php?rest_route=\/wp\/v2\/pages\/155"}],"collection":[{"href":"https:\/\/smedsbobygg.se\/index.php?rest_route=\/wp\/v2\/pages"}],"about":[{"href":"https:\/\/smedsbobygg.se\/index.php?rest_route=\/wp\/v2\/types\/page"}],"author":[{"embeddable":true,"href":"https:\/\/smedsbobygg.se\/index.php?rest_route=\/wp\/v2\/users\/3"}],"replies":[{"embeddable":true,"href":"https:\/\/smedsbobygg.se\/index.php?rest_route=%2Fwp%2Fv2%2Fcomments&post=155"}],"version-history":[{"count":2,"href":"https:\/\/smedsbobygg.se\/index.php?rest_route=\/wp\/v2\/pages\/155\/revisions"}],"predecessor-version":[{"id":165,"href":"https:\/\/smedsbobygg.se\/index.php?rest_route=\/wp\/v2\/pages\/155\/revisions\/165"}],"wp:attachment":[{"href":"https:\/\/smedsbobygg.se\/index.php?rest_route=%2Fwp%2Fv2%2Fmedia&parent=155"}],"curies":[{"name":"wp","href":"https:\/\/api.w.org\/{rel}","templated":true}]}}