{"id":154,"date":"2019-01-10T01:32:38","date_gmt":"2019-01-10T00:32:38","guid":{"rendered":"https:\/\/smedsbobygg.se\/?page_id=154"},"modified":"2019-01-10T01:36:05","modified_gmt":"2019-01-10T00:36:05","slug":"dranering","status":"publish","type":"page","link":"https:\/\/smedsbobygg.se\/?page_id=154","title":{"rendered":"Dr\u00e4nering"},"content":{"rendered":"\n<p>B\u00f6rjar det bli dags att utf\u00f6ra en dr\u00e4nering kring din fastighet? Vi p\u00e5 Smedsbo bygg &amp; Entreprenad utf\u00f6r alla typer av dr\u00e4nering och hj\u00e4lper dig g\u00e4rna. Kom ih\u00e5g att det \u00e4r otroligt viktigt att inte slarva med dr\u00e4nering d\u00e5 det kan leda till dyra och omfattande skador p\u00e5 din fastighet i form av vattenskador och m\u00f6gel. Eftersom vi har ett lite mer p\u00e5frestande klimat i Norden \u00e4r det extra viktigt att dr\u00e4neringen alltid fungerar som den ska f\u00f6r att undvika att kyla och fukt f\u00e5r sitt grepp om din bostad. D\u00e4rf\u00f6r \u00e4r det viktigt att du anlitar en entrepren\u00f6r med god kunskap d\u00e5 en felaktigt utf\u00f6rd husdr\u00e4nering kan st\u00e4lla till med stora problem.<\/p>\n\n\n\n<p>Det kanske kan tyckas som en stor utgift att f\u00e5 en omdr\u00e4nering utf\u00f6rd, men se det snarare som en investering; \u00e4r olyckan framme kommer prislappen med st\u00f6rsta sannolikhet bli mycket st\u00f6rre. Fuktskador kan bli mycket omfattande.<\/p>\n\n\n\n<p>Vi \u00e4r Certifierad entrepren\u00f6r av Isodr\u00e4n.  <\/p>\n\n\n\n<p> N\u00e4r du som kund&nbsp;anlitar en ISOCERT ENTREPREN\u00d6R&nbsp;vet du&nbsp;att arbetet blir utf\u00f6rt av n\u00e5gon som f\u00f6rst\u00e5r ISODR\u00c4NMETODEN&nbsp; och vikten av&nbsp;att ISODR\u00c4N AB:s arbetsinstruktion f\u00f6ljs. <\/p>\n\n\n\n<figure class=\"wp-block-image\"><img loading=\"lazy\" decoding=\"async\" width=\"900\" height=\"600\" data-attachment-id=\"149\" data-permalink=\"https:\/\/smedsbobygg.se\/?attachment_id=149\" data-orig-file=\"https:\/\/i0.wp.com\/smedsbobygg.se\/wp-content\/uploads\/2019\/01\/ISOCERT2.png?fit=900%2C600&amp;ssl=1\" data-orig-size=\"900,600\" data-comments-opened=\"1\" data-image-meta=\"{&quot;aperture&quot;:&quot;0&quot;,&quot;credit&quot;:&quot;&quot;,&quot;camera&quot;:&quot;&quot;,&quot;caption&quot;:&quot;&quot;,&quot;created_timestamp&quot;:&quot;0&quot;,&quot;copyright&quot;:&quot;&quot;,&quot;focal_length&quot;:&quot;0&quot;,&quot;iso&quot;:&quot;0&quot;,&quot;shutter_speed&quot;:&quot;0&quot;,&quot;title&quot;:&quot;&quot;,&quot;orientation&quot;:&quot;0&quot;}\" data-image-title=\"ISOCERT2\" data-image-description=\"\" data-image-caption=\"\" data-medium-file=\"https:\/\/i0.wp.com\/smedsbobygg.se\/wp-content\/uploads\/2019\/01\/ISOCERT2.png?fit=300%2C200&amp;ssl=1\" data-large-file=\"https:\/\/i0.wp.com\/smedsbobygg.se\/wp-content\/uploads\/2019\/01\/ISOCERT2.png?fit=900%2C600&amp;ssl=1\" src=\"https:\/\/i0.wp.com\/smedsbobygg.se\/wp-content\/uploads\/2019\/01\/ISOCERT2.png?resize=900%2C600&#038;ssl=1\" alt=\"\" class=\"wp-image-149\" srcset=\"https:\/\/i0.wp.com\/smedsbobygg.se\/wp-content\/uploads\/2019\/01\/ISOCERT2.png?w=900&amp;ssl=1 900w, https:\/\/i0.wp.com\/smedsbobygg.se\/wp-content\/uploads\/2019\/01\/ISOCERT2.png?resize=300%2C200&amp;ssl=1 300w, https:\/\/i0.wp.com\/smedsbobygg.se\/wp-content\/uploads\/2019\/01\/ISOCERT2.png?resize=768%2C512&amp;ssl=1 768w\" sizes=\"(max-width: 900px) 100vw, 900px\" data-recalc-dims=\"1\" \/><\/figure>\n","protected":false},"excerpt":{"rendered":"<p>B\u00f6rjar det bli dags att utf\u00f6ra en dr\u00e4nering kring din fastighet? Vi p\u00e5 Smedsbo bygg &amp; Entreprenad utf\u00f6r alla typer&hellip;<\/p>\n","protected":false},"author":3,"featured_media":0,"parent":0,"menu_order":0,"comment_status":"closed","ping_status":"closed","template":"","meta":{"jetpack_post_was_ever_published":false,"footnotes":""},"jetpack_sharing_enabled":true,"jetpack_shortlink":"https:\/\/wp.me\/PaBasy-2u","jetpack-related-posts":[],"_links":{"self":[{"href":"https:\/\/smedsbobygg.se\/index.php?rest_route=\/wp\/v2\/pages\/154"}],"collection":[{"href":"https:\/\/smedsbobygg.se\/index.php?rest_route=\/wp\/v2\/pages"}],"about":[{"href":"https:\/\/smedsbobygg.se\/index.php?rest_route=\/wp\/v2\/types\/page"}],"author":[{"embeddable":true,"href":"https:\/\/smedsbobygg.se\/index.php?rest_route=\/wp\/v2\/users\/3"}],"replies":[{"embeddable":true,"href":"https:\/\/smedsbobygg.se\/index.php?rest_route=%2Fwp%2Fv2%2Fcomments&post=154"}],"version-history":[{"count":2,"href":"https:\/\/smedsbobygg.se\/index.php?rest_route=\/wp\/v2\/pages\/154\/revisions"}],"predecessor-version":[{"id":164,"href":"https:\/\/smedsbobygg.se\/index.php?rest_route=\/wp\/v2\/pages\/154\/revisions\/164"}],"wp:attachment":[{"href":"https:\/\/smedsbobygg.se\/index.php?rest_route=%2Fwp%2Fv2%2Fmedia&parent=154"}],"curies":[{"name":"wp","href":"https:\/\/api.w.org\/{rel}","templated":true}]}}